{"id":968,"date":"2022-11-01T17:00:43","date_gmt":"2022-11-01T21:00:43","guid":{"rendered":"https:\/\/www.laboiteafanny.com\/?page_id=968"},"modified":"2025-06-05T15:26:01","modified_gmt":"2025-06-05T19:26:01","slug":"who-are-we","status":"publish","type":"page","link":"https:\/\/www.laboiteafanny.com\/en\/who-are-we\/","title":{"rendered":"Who are we"},"content":{"rendered":"\n<div class=\"wp-block-columns is-layout-flex wp-container-core-columns-is-layout-9d6595d7 wp-block-columns-is-layout-flex\">\n<div class=\"wp-block-column is-layout-flow wp-block-column-is-layout-flow\" style=\"flex-basis:100%\">\n<div class=\"wp-block-columns is-layout-flex wp-container-core-columns-is-layout-9d6595d7 wp-block-columns-is-layout-flex\">\n<div class=\"wp-block-column is-vertically-aligned-center is-layout-flow wp-block-column-is-layout-flow\" style=\"flex-basis:33.33%\">\n<h4><span style=\"color: #999999;\"><b class=\"\">The FLM Box (La Bo\u00eete \u00e0 Fanny) is a film production company based in Montreal, Quebec, Canada.<\/b><\/span><\/h4>\n<h4><span style=\"color: #999999;\">Its mission is to dare, innovate and inspire by producing sensitive, honest and accessible shorts and features<span class=\"\"><b class=\"\">.<\/b><\/span><\/span><\/h4>\n<\/div>\n\n\n\n<div class=\"wp-block-column is-layout-flow wp-block-column-is-layout-flow\" style=\"flex-basis:66.66%\">\n<p><iframe loading=\"lazy\" title=\"La Bo\u00eete \u00e0 Fanny - demo\" src=\"https:\/\/player.vimeo.com\/video\/209242911?dnt=1&amp;app_id=122963\" width=\"640\" height=\"360\" frameborder=\"0\" allow=\"autoplay; fullscreen; picture-in-picture; clipboard-write; encrypted-media\"><\/iframe><\/p>\n<\/div>\n<\/div>\n<\/div>\n<\/div>\n\n\n<p>[vc_row css=&#8221;.vc_custom_1461173803073{margin-top: 40px !important;margin-bottom: 40px !important;}&#8221;][vc_column][vc_empty_space][vc_separator][vc_empty_space][\/vc_column][\/vc_row]<\/p>\n\n\n<div class=\"wp-block-columns is-layout-flex wp-container-core-columns-is-layout-9d6595d7 wp-block-columns-is-layout-flex\">\n<div class=\"wp-block-column is-layout-flow wp-block-column-is-layout-flow\" style=\"flex-basis:33.33%\">\n<p><img loading=\"lazy\" decoding=\"async\" class=\"alignnone wp-image-1117 size-large\" src=\"https:\/\/www.laboiteafanny.com\/wp-content\/uploads\/2025\/01\/Boite_a_Fanny_2025_\u00a9JustineLatour_site_Fanny-177-683x1024.jpg\" alt=\"\" width=\"640\" height=\"960\" srcset=\"https:\/\/www.laboiteafanny.com\/wp-content\/uploads\/2025\/01\/Boite_a_Fanny_2025_\u00a9JustineLatour_site_Fanny-177-683x1024.jpg 683w, https:\/\/www.laboiteafanny.com\/wp-content\/uploads\/2025\/01\/Boite_a_Fanny_2025_\u00a9JustineLatour_site_Fanny-177-200x300.jpg 200w, https:\/\/www.laboiteafanny.com\/wp-content\/uploads\/2025\/01\/Boite_a_Fanny_2025_\u00a9JustineLatour_site_Fanny-177-515x773.jpg 515w, https:\/\/www.laboiteafanny.com\/wp-content\/uploads\/2025\/01\/Boite_a_Fanny_2025_\u00a9JustineLatour_site_Fanny-177.jpg 720w\" sizes=\"auto, (max-width: 640px) 100vw, 640px\" \/><\/p>\n<\/div>\n\n\n\n<div class=\"wp-block-column is-layout-flow wp-block-column-is-layout-flow\" style=\"flex-basis:66.66%\">\n<h3 class=\"wp-block-heading\">FANNY-LAURE MALO<\/h3>\n\n\n\n<h5 style=\"text-align: justify;\"><strong>After a bachelor es arts in film production at Concordia Universty, and a diploma in film production from L\u2019inis in 2010, Fanny-Laure Malo starts her own production company, The FLM Box (La Bo\u00eete \u00e0 Fanny) in 2011.<\/strong><\/h5>\n<h5 style=\"text-align: justify;\"><strong>She produced the feature films SARAH PREFERS TO RUN (2013) and BOUNDARIES (2016), by Chloe Robichaud, as well as LAUGHTER (2020) directed by Martin Laroche. and over a dozen short films including LIFE\u2019S A BITCH (2013) and OH WHAT A WONDERFUL FEELING (2016) by Francois Jaros.<\/strong><\/h5>\n<h5 style=\"text-align: justify;\"><strong>Her productions stand out for having been selected by the most prestigious festivals around the world such as Cannes, Sundance, Telluride and Tiff, as well as having won multiple awards nationally and abroad.<\/strong><\/h5>\n<h5 style=\"text-align: justify;\"><strong>Fanny-Laure has received the Emerging Producer Award from the AQPM (2017) and the FCTMN (2017), and was nominated for the CMPA Emerging Feature Producer Award, Emerging Producer\u00a0<\/strong>(2016). She was part of Berlinale Talents in 2020, Cannes\u2019 Producers\u2019 Network (2016) and the Rotterdam Lab (2013).<\/h5>\n<h5 style=\"text-align: justify;\"><strong>Fanny-Laure is VP of the Rene Malo Foundation, and President of Laurem Productions. She is part of the management team of Groupe Laurem.<\/strong><\/h5>\n<\/div>\n<\/div>\n\n\n\n<div class=\"wp-block-columns is-layout-flex wp-container-core-columns-is-layout-9d6595d7 wp-block-columns-is-layout-flex\">\n<div class=\"wp-block-column is-layout-flow wp-block-column-is-layout-flow\" style=\"flex-basis:33.33%\">\n<p><img loading=\"lazy\" decoding=\"async\" class=\"alignnone wp-image-1119 size-large\" src=\"https:\/\/www.laboiteafanny.com\/wp-content\/uploads\/2025\/01\/Boite_a_Fanny_AnnieClaudeQuirion_2022_\u00a9JustineLatour_site_Annie-3620-683x1024.jpg\" alt=\"\" width=\"640\" height=\"960\" srcset=\"https:\/\/www.laboiteafanny.com\/wp-content\/uploads\/2025\/01\/Boite_a_Fanny_AnnieClaudeQuirion_2022_\u00a9JustineLatour_site_Annie-3620-683x1024.jpg 683w, https:\/\/www.laboiteafanny.com\/wp-content\/uploads\/2025\/01\/Boite_a_Fanny_AnnieClaudeQuirion_2022_\u00a9JustineLatour_site_Annie-3620-200x300.jpg 200w, https:\/\/www.laboiteafanny.com\/wp-content\/uploads\/2025\/01\/Boite_a_Fanny_AnnieClaudeQuirion_2022_\u00a9JustineLatour_site_Annie-3620-515x773.jpg 515w, https:\/\/www.laboiteafanny.com\/wp-content\/uploads\/2025\/01\/Boite_a_Fanny_AnnieClaudeQuirion_2022_\u00a9JustineLatour_site_Annie-3620.jpg 720w\" sizes=\"auto, (max-width: 640px) 100vw, 640px\" \/><\/p>\n<\/div>\n\n\n\n<div class=\"wp-block-column is-layout-flow wp-block-column-is-layout-flow\" style=\"flex-basis:66.66%\">\n<h3 class=\"wp-block-heading\">ANNIE-CLAUDE QUIRION<\/h3>\n\n\n\n<h5 style=\"text-align: justify;\">After her studies in Cinema at the Saint-Hyacinthe CEGEP, Annie-Claude Quirion is accepted in the Strat\u00e9gies de production culturelle et m\u00e9diatique program at UQ\u00c0M in 2012. While pursuing her studies, Annie-Claude travelled to Mali to work on a documentary, produced many student short films, and volunteered in many cultural organizations (Zoofest, RVQC, FNC, etc.).<\/h5>\n<h5 style=\"text-align: justify;\">In 2014, she begins an internship at The FLM Box (La Bo\u00eete \u00e0 Fanny), where she manages the festival strategy of the short films produced by the company, among other tasks. She joins the team permanently in 2015. She then works on the company\u2019s projects as production coordinator. In 2018, she co-produces her first short film, <em>My Boy, <\/em>by Sarah Pellerin. The film premiered at TIFF and has been selected as a Vimeo Staff Pick and Short of the Week.<\/h5>\n<\/div>\n<\/div>\n\n\n\n<div class=\"wp-block-columns is-layout-flex wp-container-core-columns-is-layout-9d6595d7 wp-block-columns-is-layout-flex\">\n<div class=\"wp-block-column is-layout-flow wp-block-column-is-layout-flow\" style=\"flex-basis:33.33%\">\n<p><img loading=\"lazy\" decoding=\"async\" class=\"alignnone wp-image-1125 size-large\" src=\"https:\/\/www.laboiteafanny.com\/wp-content\/uploads\/2025\/01\/Boite_a_Fanny_2025_\u00a9JustineLatour_site_Vega-066-683x1024.jpg\" alt=\"\" width=\"640\" height=\"960\" srcset=\"https:\/\/www.laboiteafanny.com\/wp-content\/uploads\/2025\/01\/Boite_a_Fanny_2025_\u00a9JustineLatour_site_Vega-066-683x1024.jpg 683w, https:\/\/www.laboiteafanny.com\/wp-content\/uploads\/2025\/01\/Boite_a_Fanny_2025_\u00a9JustineLatour_site_Vega-066-200x300.jpg 200w, https:\/\/www.laboiteafanny.com\/wp-content\/uploads\/2025\/01\/Boite_a_Fanny_2025_\u00a9JustineLatour_site_Vega-066-515x773.jpg 515w, https:\/\/www.laboiteafanny.com\/wp-content\/uploads\/2025\/01\/Boite_a_Fanny_2025_\u00a9JustineLatour_site_Vega-066.jpg 720w\" sizes=\"auto, (max-width: 640px) 100vw, 640px\" \/><\/p>\n<\/div>\n\n\n\n<div class=\"wp-block-column is-layout-flow wp-block-column-is-layout-flow\" style=\"flex-basis:66.66%\">\n<h3>V\u00c9GA CARON-MALBOEUF<\/h3>\n<h5 style=\"text-align: justify;\">V\u00e9ga Caron-Malboeuf holds a Bachelor&#8217;s degree in Cultural and Media Production Strategies from UQAM, and is currently completing her Master&#8217;s degree in Cultural Enterprise Management at HEC Montr\u00e9al, a program that combines her passion for culture with her management and communications skills. During her studies, V\u00e9ga specialized in cinema, producing several student short films in Quebec and abroad. This experience led to several internships in production, including at La Bo\u00eete \u00e0 Fanny, where she lent a hand to the production team on\u00a0<i>Vous n&#8217;\u00eates pas seuls<\/i>.<br \/><br \/>It was therefore only natural for her to join the team in 2024 as coordinator, in parallel with her studies.<\/h5>\n<\/div>\n<\/div>\n\n\n\n<div class=\"wp-block-columns is-layout-flex wp-container-core-columns-is-layout-9d6595d7 wp-block-columns-is-layout-flex\">\n<div class=\"wp-block-column is-layout-flow wp-block-column-is-layout-flow\" style=\"flex-basis:33.33%\">\n<p><img loading=\"lazy\" decoding=\"async\" class=\"alignnone wp-image-916 size-large\" src=\"https:\/\/www.laboiteafanny.com\/wp-content\/uploads\/2022\/11\/Boite_a_Fanny_2022_\u00a9JustineLatour_web-3503_crop-683x1024.jpg\" alt=\"\" width=\"640\" height=\"960\" srcset=\"https:\/\/www.laboiteafanny.com\/wp-content\/uploads\/2022\/11\/Boite_a_Fanny_2022_\u00a9JustineLatour_web-3503_crop-683x1024.jpg 683w, https:\/\/www.laboiteafanny.com\/wp-content\/uploads\/2022\/11\/Boite_a_Fanny_2022_\u00a9JustineLatour_web-3503_crop-200x300.jpg 200w, https:\/\/www.laboiteafanny.com\/wp-content\/uploads\/2022\/11\/Boite_a_Fanny_2022_\u00a9JustineLatour_web-3503_crop-515x773.jpg 515w, https:\/\/www.laboiteafanny.com\/wp-content\/uploads\/2022\/11\/Boite_a_Fanny_2022_\u00a9JustineLatour_web-3503_crop.jpg 720w\" sizes=\"auto, (max-width: 640px) 100vw, 640px\" \/><\/p>\n<\/div>\n\n\n\n<div class=\"wp-block-column is-layout-flow wp-block-column-is-layout-flow\" style=\"flex-basis:66.66%\">\n<h3 class=\"wp-block-heading\">KALA<\/h3>\n\n\n\n<h5 dir=\"auto\" style=\"text-align: justify;\">Kala &#8220;Boubou&#8221; Remington is a tiny frenchie who lacks any animal instincts. She enjoys going on walks, eating like there is no tomorrow, and sleeping in weird positions. With lots of personality, she acts as the office clown, in spite of herself.<\/h5>\n<\/div>\n<\/div>\n","protected":false},"excerpt":{"rendered":"<p>The FLM Box (La Bo\u00eete \u00e0 Fanny) is a film production company based in Montreal, Quebec, Canada. Its mission is to dare, innovate and inspire by producing sensitive, honest and accessible shorts and features. [vc_row css=&#8221;.vc_custom_1461173803073{margin-top: 40px !important;margin-bottom: 40px !important;}&#8221;][vc_column][vc_empty_space][vc_separator][vc_empty_space][\/vc_column][\/vc_row] FANNY-LAURE MALO After a bachelor es arts in film production at Concordia Universty, and a [&hellip;]<\/p>\n","protected":false},"author":3,"featured_media":0,"parent":0,"menu_order":0,"comment_status":"closed","ping_status":"closed","template":"","meta":{"footnotes":""},"class_list":["post-968","page","type-page","status-publish","hentry"],"_links":{"self":[{"href":"https:\/\/www.laboiteafanny.com\/en\/wp-json\/wp\/v2\/pages\/968","targetHints":{"allow":["GET"]}}],"collection":[{"href":"https:\/\/www.laboiteafanny.com\/en\/wp-json\/wp\/v2\/pages"}],"about":[{"href":"https:\/\/www.laboiteafanny.com\/en\/wp-json\/wp\/v2\/types\/page"}],"author":[{"embeddable":true,"href":"https:\/\/www.laboiteafanny.com\/en\/wp-json\/wp\/v2\/users\/3"}],"replies":[{"embeddable":true,"href":"https:\/\/www.laboiteafanny.com\/en\/wp-json\/wp\/v2\/comments?post=968"}],"version-history":[{"count":13,"href":"https:\/\/www.laboiteafanny.com\/en\/wp-json\/wp\/v2\/pages\/968\/revisions"}],"predecessor-version":[{"id":1139,"href":"https:\/\/www.laboiteafanny.com\/en\/wp-json\/wp\/v2\/pages\/968\/revisions\/1139"}],"wp:attachment":[{"href":"https:\/\/www.laboiteafanny.com\/en\/wp-json\/wp\/v2\/media?parent=968"}],"curies":[{"name":"wp","href":"https:\/\/api.w.org\/{rel}","templated":true}]}}