{"id":418,"date":"2016-03-09T18:21:50","date_gmt":"2016-03-09T18:21:50","guid":{"rendered":"http:\/\/www.laboiteafanny.com\/en\/contact\/"},"modified":"2025-06-05T15:28:10","modified_gmt":"2025-06-05T19:28:10","slug":"contact","status":"publish","type":"page","link":"https:\/\/www.laboiteafanny.com\/en\/contact\/","title":{"rendered":"Contact"},"content":{"rendered":"<h4>The FLM Box (La Bo\u00eete \u00e0 Fanny)<\/h4>\n<p class=\"p1\">4446, boul. Saint-Laurent, suite 603<br \/>\nMontr\u00e9al (Qu\u00e9bec)<br \/>\nH2W 1Z5<br \/>\nCanada<\/p>\n<p class=\"p1\">E-mail\u00a0: <a href=\"mailto:coordo@laboiteafanny.com\" target=\"_blank\" rel=\"noopener\">coordo@laboiteafanny.com<\/a><\/p>\n<p>[vc_raw_html el_class=&#8221;social-container&#8221;]JTNDYSUyMHRhcmdldCUzRCUyMl9ibGFuayUyMiUyMGhyZWYlM0QlMjJodHRwcyUzQSUyRiUyRnd3dy5mYWNlYm9vay5jb20lMkZsYWJvaXRlYWZhbm55JTIyJTNFJTNDaSUyMGNsYXNzJTNEJTIyZmElMjBmYS1mYWNlYm9vay1zcXVhcmUlMjIlMjBhcmlhLWhpZGRlbiUzRCUyMnRydWUlMjIlM0UlM0MlMkZpJTNFJTNDJTJGYSUzRSUwQSUzQ2ElMjB0YXJnZXQlM0QlMjJfYmxhbmslMjIlMjBocmVmJTNEJTIyaHR0cHMlM0ElMkYlMkZ0d2l0dGVyLmNvbSUyRkxhQm9pdGVhRmFubnklMjIlM0UlM0NpJTIwY2xhc3MlM0QlMjJmYSUyMGZhLXR3aXR0ZXIlMjIlMjBhcmlhLWhpZGRlbiUzRCUyMnRydWUlMjIlM0UlM0MlMkZpJTNFJTNDJTJGYSUzRSUwQSUzQ2ElMjB0YXJnZXQlM0QlMjJfYmxhbmslMjIlMjBocmVmJTNEJTIyaHR0cHMlM0ElMkYlMkZ2aW1lby5jb20lMkZ1c2VyMTk2ODI5OTYlMjIlM0UlM0NpJTIwY2xhc3MlM0QlMjJmYSUyMGZhLXZpbWVvLXNxdWFyZSUyMiUyMGFyaWEtaGlkZGVuJTNEJTIydHJ1ZSUyMiUzRSUzQyUyRmklM0UlM0MlMkZhJTNF[\/vc_raw_html]<\/p>\n","protected":false},"excerpt":{"rendered":"<p>The FLM Box (La Bo\u00eete \u00e0 Fanny) 4446, boul. Saint-Laurent, suite 603 Montr\u00e9al (Qu\u00e9bec) H2W 1Z5 Canada E-mail\u00a0: coordo@laboiteafanny.com [vc_raw_html el_class=&#8221;social-container&#8221;]JTNDYSUyMHRhcmdldCUzRCUyMl9ibGFuayUyMiUyMGhyZWYlM0QlMjJodHRwcyUzQSUyRiUyRnd3dy5mYWNlYm9vay5jb20lMkZsYWJvaXRlYWZhbm55JTIyJTNFJTNDaSUyMGNsYXNzJTNEJTIyZmElMjBmYS1mYWNlYm9vay1zcXVhcmUlMjIlMjBhcmlhLWhpZGRlbiUzRCUyMnRydWUlMjIlM0UlM0MlMkZpJTNFJTNDJTJGYSUzRSUwQSUzQ2ElMjB0YXJnZXQlM0QlMjJfYmxhbmslMjIlMjBocmVmJTNEJTIyaHR0cHMlM0ElMkYlMkZ0d2l0dGVyLmNvbSUyRkxhQm9pdGVhRmFubnklMjIlM0UlM0NpJTIwY2xhc3MlM0QlMjJmYSUyMGZhLXR3aXR0ZXIlMjIlMjBhcmlhLWhpZGRlbiUzRCUyMnRydWUlMjIlM0UlM0MlMkZpJTNFJTNDJTJGYSUzRSUwQSUzQ2ElMjB0YXJnZXQlM0QlMjJfYmxhbmslMjIlMjBocmVmJTNEJTIyaHR0cHMlM0ElMkYlMkZ2aW1lby5jb20lMkZ1c2VyMTk2ODI5OTYlMjIlM0UlM0NpJTIwY2xhc3MlM0QlMjJmYSUyMGZhLXZpbWVvLXNxdWFyZSUyMiUyMGFyaWEtaGlkZGVuJTNEJTIydHJ1ZSUyMiUzRSUzQyUyRmklM0UlM0MlMkZhJTNF[\/vc_raw_html]<\/p>\n","protected":false},"author":3,"featured_media":848,"parent":0,"menu_order":0,"comment_status":"closed","ping_status":"closed","template":"","meta":{"footnotes":""},"class_list":["post-418","page","type-page","status-publish","has-post-thumbnail","hentry"],"_links":{"self":[{"href":"https:\/\/www.laboiteafanny.com\/en\/wp-json\/wp\/v2\/pages\/418","targetHints":{"allow":["GET"]}}],"collection":[{"href":"https:\/\/www.laboiteafanny.com\/en\/wp-json\/wp\/v2\/pages"}],"about":[{"href":"https:\/\/www.laboiteafanny.com\/en\/wp-json\/wp\/v2\/types\/page"}],"author":[{"embeddable":true,"href":"https:\/\/www.laboiteafanny.com\/en\/wp-json\/wp\/v2\/users\/3"}],"replies":[{"embeddable":true,"href":"https:\/\/www.laboiteafanny.com\/en\/wp-json\/wp\/v2\/comments?post=418"}],"version-history":[{"count":11,"href":"https:\/\/www.laboiteafanny.com\/en\/wp-json\/wp\/v2\/pages\/418\/revisions"}],"predecessor-version":[{"id":1142,"href":"https:\/\/www.laboiteafanny.com\/en\/wp-json\/wp\/v2\/pages\/418\/revisions\/1142"}],"wp:featuredmedia":[{"embeddable":true,"href":"https:\/\/www.laboiteafanny.com\/en\/wp-json\/wp\/v2\/media\/848"}],"wp:attachment":[{"href":"https:\/\/www.laboiteafanny.com\/en\/wp-json\/wp\/v2\/media?parent=418"}],"curies":[{"name":"wp","href":"https:\/\/api.w.org\/{rel}","templated":true}]}}